{"id":7471,"date":"2016-03-21T17:11:00","date_gmt":"2016-03-21T21:11:00","guid":{"rendered":"http:\/\/bio-04.eproofs.ca\/a-propos\/declaration-de-principes-de-lindustrie-de-la-biotechnologie\/"},"modified":"2016-03-21T17:11:00","modified_gmt":"2016-03-21T21:11:00","slug":"declaration-de-principes-de-lindustrie-de-la-biotechnologie","status":"publish","type":"page","link":"https:\/\/www.biotech.ca\/fr\/a-propos\/normes\/declaration-de-principes-de-lindustrie-de-la-biotechnologie\/","title":{"rendered":"D\u00e9claration de principes de l&#8217;industrie de la biotechnologie"},"content":{"rendered":"<h3>Pr\u00e9ambule<\/h3>\n<p>BIOTECanada repr\u00e9sente des soci\u00e9t\u00e9s de biotechnologie, des institutions d\u2019enseignement, des centres r\u00e9gionaux de biotechnologie et des organismes connexes de partout au Canada. Les membres de BIOTECanada appliquent leurs connaissances et techniques dans le domaine de la biologie au d\u00e9veloppement de produits et de services devant servir, entre autres, dans les secteurs des soins de sant\u00e9, de l\u2019agriculture et de la r\u00e9paration des dommages inflig\u00e9s \u00e0 l\u2019environnement. Les avantages d\u00e9coulant de ces produits et services comprennent la possibilit\u00e9 de sauver des vies menac\u00e9es par la maladie, la protection de nos r\u00e9serves de sang contre des agents infectieux, l\u2019am\u00e9lioration de la quantit\u00e9 et de la qualit\u00e9 des aliments disponibles et le nettoyage des d\u00e9chets dangereux.Tout en \u00e9tant convaincus que la biotechnologie peut grandement contribuer \u00e0 l\u2019am\u00e9lioration de la qualit\u00e9 de vie, nous reconnaissons que cette nouvelle technologie doit \u00eatre abord\u00e9e avec une attitude prudente qui combine l\u2019enthousiasme, la sensibilit\u00e9 aux questions sociales et la reconnaissance du potentiel et de la puissance de la biotechnologie. Alors m\u00eame que la biotechnologie peut nous fournir des outils pour lutter contre la maladie, la faim et la contamination de l\u2019environnement, elle soul\u00e8ve d\u2019importantes questions \u00e9thiques. Ces questions peuvent \u00e9voluer rapidement au rythme du d\u00e9veloppement et des nouvelles applications de la biotechnologie elle-m\u00eame.<\/p>\n<h3>Nous respectons le pouvoir de la biotechnologie et nous voulons l\u2019appliquer au profit de l\u2019humanit\u00e9.<\/h3>\n<p>Nous approfondirons les applications de la biotechnologie qui promettent de sauver des vies ou d\u2019am\u00e9liorer la qualit\u00e9 de la vie. Nous \u00e9viterons les applications de notre technologie qui ne respectent pas les droits humains ou qui entra\u00eenent des risques qui l\u2019emportent sur les avantages potentiels. Nous veillerons \u00e0 ce que les activit\u00e9s de notre industrie soient conformes aux normes de la soci\u00e9t\u00e9.<\/p>\n<h3>Nous pr\u00eatons une oreille attentive aux personnes qui s\u2019inqui\u00e8tent des cons\u00e9quences de la biotechnologie et nous tenons \u00e0 r\u00e9pondre \u00e0 leurs pr\u00e9occupations.<\/h3>\n<p>La r\u00e9solution des questions de bio\u00e9thique n\u00e9cessite un dialogue qui engage l\u2019ensemble de la soci\u00e9t\u00e9. Nous reconnaissons la responsabilit\u00e9 qui nousincombe de tenir compte des int\u00e9r\u00eats et des id\u00e9es de tous les segments de la soci\u00e9t\u00e9. Nous entamerons un dialogue avec des patients, des \u00e9thiciens,des dirigeants religieux, des fournisseurs de soins de sant\u00e9, des environnementalistes, des consommateurs, des l\u00e9gislateurs et d\u2019autres intervenants qui ont ceci en commun qu\u2019ils s\u2019int\u00e9ressent aux questions de bio\u00e9thique. Nous les aiderons \u00e0 aborder les dilemmes \u00e9thiques dans lesquels une ligne de conduite n\u2019est pas toute trac\u00e9e.<\/p>\n<h3>Nous contribuons \u00e0 informer le grand public au sujet de la biotechnologie, de ses avantages et de ses cons\u00e9quences.<\/h3>\n<p>Pour qu\u2019un d\u00e9bat \u00e9clair\u00e9 puisse avoir lieu, le grand public et les \u00e9lus ont besoin de mieux conna\u00eetre et de mieux comprendre la biotechnologie et ses applications. BIOTECanada et ses membres s\u2019engagent \u00e0 promouvoir la sensibilisation du grand public ainsi qu\u2019\u00e0 favoriser une meilleurecompr\u00e9hension de ces questions. <\/p>\n<h3>Dans l\u2019utilisation de nos produits, nous accordons la plus grande priorit\u00e9 \u00e0 la protection de la sant\u00e9, de la s\u00e9curit\u00e9 et de l\u2019environnement.<\/h3>\n<p>Au Canada, les produits de la biotechnologie font l\u2019objet d\u2019une r\u00e9glementation d\u00e9taill\u00e9e de la part d\u2019agences f\u00e9d\u00e9rales telles Sant\u00e9 Canada, l\u2019Agence canadienne d\u2019inspection des aliments et Environnement Canada, et ce dans le but de pr\u00e9server la sant\u00e9, d\u2019assurer la s\u00e9curit\u00e9des personnes et de prot\u00e9ger l\u2019environnement.<\/p>\n<h3>Nous respectons les directives des commissions d\u2019\u00e9thique.<\/h3>\n<p>Nous respecterons leurs directives et veillerons \u00e0 satisfaire et m\u00eame \u00e0 d\u00e9passer leurs normes \u00e9thiques nationales d\u2019\u00e9thique de recherche en biotechnologie, y compris le traitement sans douleur des animaux servant \u00e0 la recherche.Les produits seront d\u00e9velopp\u00e9s \u00e0 partir de la biotechnologie pour am\u00e9liorer l\u2019alimentation humaine et animale, ainsi que la sant\u00e9 et tant la qualit\u00e9 que la quantit\u00e9 des aliments.<\/p>\n<h3>Nous sommes sensibles aux consid\u00e9rations \u00e9thiques et sociales relatives \u00e0 la recherche g\u00e9n\u00e9tique et nous en tenons compte.<\/h3>\n<p>Nous abstiendrons, par exemple, d\u2019essayer de traiter les troubles g\u00e9n\u00e9tiques en alt\u00e9rant les g\u00e8nes du sperme ou des oeufs humains avant que l\u2019on ait plus largement d\u00e9battu des probl\u00e8mesm\u00e9dicaux, \u00e9thiques et sociaux que posera cette forme de th\u00e9rapie et qu\u2019on les ait clarifi\u00e9s. De m\u00eame, nous appuyons les interdictions visant toute application de la biotechnologie qui serait contraire \u00e0 la dignit\u00e9 humaine, y compris le clonage d\u2019\u00eatres humains entiers, tout en comprenant que l\u2019on doit poursuivre les recherches sur le clonage des g\u00e8nes et des cellules pour le plus grand bien de l\u2019humanit\u00e9.<\/p>\n<h3>Nous d\u00e9veloppons nos produits agricoles pour bonifier l\u2019approvisionnement alimentaire de la plan\u00e8te et promouvoir l\u2019agriculture durable avec les avantages environnementaux qui en d\u00e9coulent.<\/h3>\n<p>Des avantages significatifs d\u00e9coulent de l\u2019augmentation du rendement des cultures. Les cultivateurs doivent produire des quantit\u00e9s de plus en plus importantes d\u2019aliments par \u00e2cre afin de nourrir une population mondiale en pleine croissance. Nous d\u00e9velopperons nos produits sans jamais n\u00e9gliger la bonne intendance de nos ressources agricoles et environnementales et la p\u00e9rennit\u00e9 d\u2019un tel d\u00e9veloppement. En ce qui a trait au d\u00e9veloppement de nouvelles cultures, nous nous engageons \u00e0 respecter les normes de s\u00e9curit\u00e9 environnementale reconnues au pays et \u00e0 l\u2019\u00e9tranger.<\/p>\n<h3>Nous d\u00e9veloppons la biotechnologie environnementale qui nous permettra de nettoyer les d\u00e9chets dangereux plus efficacement et en r\u00e9duisant les risques pour l\u2019environnement, ainsi que de pr\u00e9venir la pollution en transformant les d\u00e9chets avant m\u00eame qu\u2019ils ne soient d\u00e9gag\u00e9s dans l\u2019environnement.<\/h3>\n<p>Plusieurs entreprises de g\u00e9nie environnemental, l\u2019industrie et les gouvernements se servent de la biotechnologie pour capter le pouvoir que poss\u00e8dent certains organismes naturels de d\u00e9grader des contaminants que l\u2019on retrouve dans des sites de d\u00e9chets dangereux. Nous nous efforcerons d\u2019optimiser les co\u00fbts-efficacit\u00e9s et les avantages environnementaux li\u00e9s \u00e0 l\u2019usage de la biotechnologie tout en prot\u00e9geant la sant\u00e9 humaine et les moyens rentables et inoffensifs pour l\u2019environnement de traiter les flux de d\u00e9chets dangereux dans les processus industriels.<\/p>\n<h3>Nous nous opposons \u00e0 ce que la biotechnologie serve \u00e0 cr\u00e9er de nouvelles armes.<\/h3>\n<p>Nous appuyons la politique du gouvernement canadien qui stipule clairement et sans \u00e9quivoque que le Canada a l\u2019intention de ne jamais, en aucun temps, d\u00e9velopper, produire, acqu\u00e9rir, accumuler ou utiliser des agents chimiques ou biologiques comme des armes.<\/p>\n<h3>Nous continuons d\u2019appuyer l\u2019objectif de pr\u00e9servation de la diversit\u00e9 biologique.<\/h3>\n<p>Les variations g\u00e9n\u00e9tiques des animaux, des plantes et d\u2019autres organismes constituent une pr\u00e9cieuse ressource naturelle. L\u2019environnement est en \u00e9volution constante et, sans une r\u00e9serve ad\u00e9quate de diversit\u00e9 g\u00e9n\u00e9tique, les organismes vivants seraient incapables de s\u2019adapter. Ceci dit, la diversit\u00e9 g\u00e9n\u00e9tique diminue chaque fois que s\u2019\u00e9teint une esp\u00e8ce, une race ou une vari\u00e9t\u00e9 de culture. La collaboration avec les gouvernements et d\u2019autres organismes contribuera au catalogage et \u00e0 la pr\u00e9servation de telles pr\u00e9cieuses ressources.<\/p>\n","protected":false},"excerpt":{"rendered":"<p>Pr\u00e9ambule BIOTECanada repr\u00e9sente des soci\u00e9t\u00e9s de biotechnologie, des institutions d\u2019enseignement, des centres r\u00e9gionaux de biotechnologie et des organismes connexes de partout au Canada. Les membres de BIOTECanada appliquent leurs connaissances<\/p>\n<p class=\"more-link-box\"><a class=\"more-link button_a arrow\" href=\"https:\/\/www.biotech.ca\/fr\/a-propos\/normes\/declaration-de-principes-de-lindustrie-de-la-biotechnologie\/\">Lire la suite<\/a><\/p>\n","protected":false},"author":1,"featured_media":0,"parent":7466,"menu_order":1,"comment_status":"closed","ping_status":"closed","template":"","meta":{"_acf_changed":false,"rank_math_lock_modified_date":false,"inline_featured_image":false,"_genesis_hide_title":false,"_genesis_hide_breadcrumbs":false,"_genesis_hide_singular_image":false,"_genesis_hide_footer_widgets":false,"_genesis_custom_body_class":"","_genesis_custom_post_class":"","_genesis_layout":"","footnotes":""},"class_list":["post-7471","page","type-page","status-publish","entry"],"acf":[],"rankMath":{"parentDomain":"www.biotech.ca","noFollowDomains":[],"noFollowExcludeDomains":[],"noFollowExternalLinks":false,"featuredImageNotice":"L\u2019image en vedette devrait \u00eatre au moins 200 par 200 pixels pour \u00eatre utilis\u00e9 par Facebook et d\u2019autres sites de m\u00e9dias sociaux.","pluginReviewed":false,"postSettings":{"linkSuggestions":true,"useFocusKeyword":false},"frontEndScore":false,"postName":"declaration-de-principes-de-lindustrie-de-la-biotechnologie","permalinkFormat":"https:\/\/www.biotech.ca\/fr\/%pagename%\/","showLockModifiedDate":true,"assessor":{"focusKeywordLink":"https:\/\/www.biotech.ca\/wp-admin\/edit.php?focus_keyword=%focus_keyword%&post_type=%post_type%","hasTOCPlugin":false,"primaryTaxonomy":false,"serpData":{"title":"","description":"","focusKeywords":"","pillarContent":false,"canonicalUrl":"","breadcrumbTitle":"","advancedRobots":{"max-snippet":"-1","max-video-preview":"-1","max-image-preview":"large"},"facebookTitle":"","facebookDescription":"","facebookImage":"","facebookImageID":"","facebookHasOverlay":false,"facebookImageOverlay":"","facebookAuthor":"","twitterCardType":"","twitterUseFacebook":true,"twitterTitle":"","twitterDescription":"","twitterImage":"","twitterImageID":"","twitterHasOverlay":false,"twitterImageOverlay":"","twitterPlayerUrl":"","twitterPlayerSize":"","twitterPlayerStream":"","twitterPlayerStreamCtype":"","twitterAppDescription":"","twitterAppIphoneName":"","twitterAppIphoneID":"","twitterAppIphoneUrl":"","twitterAppIpadName":"","twitterAppIpadID":"","twitterAppIpadUrl":"","twitterAppGoogleplayName":"","twitterAppGoogleplayID":"","twitterAppGoogleplayUrl":"","twitterAppCountry":"","robots":{"index":true},"twitterAuthor":"BIOTECanada","primaryTerm":0,"authorName":"envision","titleTemplate":"%title% %page% %sep% %sitename%","descriptionTemplate":"%excerpt%","showScoreFrontend":true,"lockModifiedDate":false},"powerWords":["absolument","amazement","astonishing","authentique","beau","bien-\u00eatre","brillant","captivant","charismatique","choc","clair","compl\u00e8tement","confidentiel","confiance","cons\u00e9quent","cr\u00e9atif","d\u00e9finitivement","d\u00e9licieux","d\u00e9montrer","d\u00e9p\u00eachez-vous","d\u00e9termin\u00e9","digne","dynamique","\u00e9blouissant","\u00e9clatant","\u00e9conomique","\u00e9fficace","\u00e9l\u00e9gant","\u00e9motionnel","\u00e9nergique","\u00e9norme","\u00e9poustouflant","essentiel","\u00e9tonnant","exclusif","exp\u00e9rience","fabuleux","fantastique","formidable","fort","garanti","g\u00e9ant","g\u00e9n\u00e9reux","grandiose","gratuit","habile","harmonieux","historique","hors pair","important","incroyable","indispensable","inoubliable","inspirant","innovant","intense","invention","irr\u00e9sistible","l\u00e9gendaire","lumineux","luxe","magique","magnifique","majestueux","marquant","merveilleux","miraculeux","motivant","n\u00e9cessaire","nouvelle","officiel","parfait","passionn\u00e9","persuasif","ph\u00e9nom\u00e9nal","plaisir","populaire","pouvoir","prestigieux","prodigieux","profond","prosp\u00e8re","puissant","qualit\u00e9","radieux","rapide","r\u00e9ussi","r\u00e9volutionnaire","satisfait","s\u00e9curit\u00e9","sensationnel","serein","somptueux","splendide","sublime","surprenant","talentueux","terrifiant","unique","valeur","vibrant","victorieux","vif","vraiment","z\u00e9l\u00e9"],"diacritics":{"A":"[\\u0041\\u24B6\\uFF21\\u00C0\\u00C1\\u00C2\\u1EA6\\u1EA4\\u1EAA\\u1EA8\\u00C3\\u0100\\u0102\\u1EB0\\u1EAE\\u1EB4\\u1EB2\\u0226\\u01E0\\u00C4\\u01DE\\u1EA2\\u00C5\\u01FA\\u01CD\\u0200\\u0202\\u1EA0\\u1EAC\\u1EB6\\u1E00\\u0104\\u023A\\u2C6F]","AA":"[\\uA732]","AE":"[\\u00C6\\u01FC\\u01E2]","AO":"[\\uA734]","AU":"[\\uA736]","AV":"[\\uA738\\uA73A]","AY":"[\\uA73C]","B":"[\\u0042\\u24B7\\uFF22\\u1E02\\u1E04\\u1E06\\u0243\\u0182\\u0181]","C":"[\\u0043\\u24B8\\uFF23\\u0106\\u0108\\u010A\\u010C\\u00C7\\u1E08\\u0187\\u023B\\uA73E]","D":"[\\u0044\\u24B9\\uFF24\\u1E0A\\u010E\\u1E0C\\u1E10\\u1E12\\u1E0E\\u0110\\u018B\\u018A\\u0189\\uA779]","DZ":"[\\u01F1\\u01C4]","Dz":"[\\u01F2\\u01C5]","E":"[\\u0045\\u24BA\\uFF25\\u00C8\\u00C9\\u00CA\\u1EC0\\u1EBE\\u1EC4\\u1EC2\\u1EBC\\u0112\\u1E14\\u1E16\\u0114\\u0116\\u00CB\\u1EBA\\u011A\\u0204\\u0206\\u1EB8\\u1EC6\\u0228\\u1E1C\\u0118\\u1E18\\u1E1A\\u0190\\u018E]","F":"[\\u0046\\u24BB\\uFF26\\u1E1E\\u0191\\uA77B]","G":"[\\u0047\\u24BC\\uFF27\\u01F4\\u011C\\u1E20\\u011E\\u0120\\u01E6\\u0122\\u01E4\\u0193\\uA7A0\\uA77D\\uA77E]","H":"[\\u0048\\u24BD\\uFF28\\u0124\\u1E22\\u1E26\\u021E\\u1E24\\u1E28\\u1E2A\\u0126\\u2C67\\u2C75\\uA78D]","I":"[\\u0049\\u24BE\\uFF29\\u00CC\\u00CD\\u00CE\\u0128\\u012A\\u012C\\u0130\\u00CF\\u1E2E\\u1EC8\\u01CF\\u0208\\u020A\\u1ECA\\u012E\\u1E2C\\u0197]","J":"[\\u004A\\u24BF\\uFF2A\\u0134\\u0248]","K":"[\\u004B\\u24C0\\uFF2B\\u1E30\\u01E8\\u1E32\\u0136\\u1E34\\u0198\\u2C69\\uA740\\uA742\\uA744\\uA7A2]","L":"[\\u004C\\u24C1\\uFF2C\\u013F\\u0139\\u013D\\u1E36\\u1E38\\u013B\\u1E3C\\u1E3A\\u0141\\u023D\\u2C62\\u2C60\\uA748\\uA746\\uA780]","LJ":"[\\u01C7]","Lj":"[\\u01C8]","M":"[\\u004D\\u24C2\\uFF2D\\u1E3E\\u1E40\\u1E42\\u2C6E\\u019C]","N":"[\\u004E\\u24C3\\uFF2E\\u01F8\\u0143\\u00D1\\u1E44\\u0147\\u1E46\\u0145\\u1E4A\\u1E48\\u0220\\u019D\\uA790\\uA7A4]","NJ":"[\\u01CA]","Nj":"[\\u01CB]","O":"[\\u004F\\u24C4\\uFF2F\\u00D2\\u00D3\\u00D4\\u1ED2\\u1ED0\\u1ED6\\u1ED4\\u00D5\\u1E4C\\u022C\\u1E4E\\u014C\\u1E50\\u1E52\\u014E\\u022E\\u0230\\u00D6\\u022A\\u1ECE\\u0150\\u01D1\\u020C\\u020E\\u01A0\\u1EDC\\u1EDA\\u1EE0\\u1EDE\\u1EE2\\u1ECC\\u1ED8\\u01EA\\u01EC\\u00D8\\u01FE\\u0186\\u019F\\uA74A\\uA74C]","OI":"[\\u01A2]","OO":"[\\uA74E]","OU":"[\\u0222]","P":"[\\u0050\\u24C5\\uFF30\\u1E54\\u1E56\\u01A4\\u2C63\\uA750\\uA752\\uA754]","Q":"[\\u0051\\u24C6\\uFF31\\uA756\\uA758\\u024A]","R":"[\\u0052\\u24C7\\uFF32\\u0154\\u1E58\\u0158\\u0210\\u0212\\u1E5A\\u1E5C\\u0156\\u1E5E\\u024C\\u2C64\\uA75A\\uA7A6\\uA782]","S":"[\\u0053\\u24C8\\uFF33\\u1E9E\\u015A\\u1E64\\u015C\\u1E60\\u0160\\u1E66\\u1E62\\u1E68\\u0218\\u015E\\u2C7E\\uA7A8\\uA784]","T":"[\\u0054\\u24C9\\uFF34\\u1E6A\\u0164\\u1E6C\\u021A\\u0162\\u1E70\\u1E6E\\u0166\\u01AC\\u01AE\\u023E\\uA786]","TZ":"[\\uA728]","U":"[\\u0055\\u24CA\\uFF35\\u00D9\\u00DA\\u00DB\\u0168\\u1E78\\u016A\\u1E7A\\u016C\\u00DC\\u01DB\\u01D7\\u01D5\\u01D9\\u1EE6\\u016E\\u0170\\u01D3\\u0214\\u0216\\u01AF\\u1EEA\\u1EE8\\u1EEE\\u1EEC\\u1EF0\\u1EE4\\u1E72\\u0172\\u1E76\\u1E74\\u0244]","V":"[\\u0056\\u24CB\\uFF36\\u1E7C\\u1E7E\\u01B2\\uA75E\\u0245]","VY":"[\\uA760]","W":"[\\u0057\\u24CC\\uFF37\\u1E80\\u1E82\\u0174\\u1E86\\u1E84\\u1E88\\u2C72]","X":"[\\u0058\\u24CD\\uFF38\\u1E8A\\u1E8C]","Y":"[\\u0059\\u24CE\\uFF39\\u1EF2\\u00DD\\u0176\\u1EF8\\u0232\\u1E8E\\u0178\\u1EF6\\u1EF4\\u01B3\\u024E\\u1EFE]","Z":"[\\u005A\\u24CF\\uFF3A\\u0179\\u1E90\\u017B\\u017D\\u1E92\\u1E94\\u01B5\\u0224\\u2C7F\\u2C6B\\uA762]","a":"[\\u0061\\u24D0\\uFF41\\u1E9A\\u00E0\\u00E1\\u00E2\\u1EA7\\u1EA5\\u1EAB\\u1EA9\\u00E3\\u0101\\u0103\\u1EB1\\u1EAF\\u1EB5\\u1EB3\\u0227\\u01E1\\u00E4\\u01DF\\u1EA3\\u00E5\\u01FB\\u01CE\\u0201\\u0203\\u1EA1\\u1EAD\\u1EB7\\u1E01\\u0105\\u2C65\\u0250]","aa":"[\\uA733]","ae":"[\\u00E6\\u01FD\\u01E3]","ao":"[\\uA735]","au":"[\\uA737]","av":"[\\uA739\\uA73B]","ay":"[\\uA73D]","b":"[\\u0062\\u24D1\\uFF42\\u1E03\\u1E05\\u1E07\\u0180\\u0183\\u0253]","c":"[\\u0063\\u24D2\\uFF43\\u0107\\u0109\\u010B\\u010D\\u00E7\\u1E09\\u0188\\u023C\\uA73F\\u2184]","d":"[\\u0064\\u24D3\\uFF44\\u1E0B\\u010F\\u1E0D\\u1E11\\u1E13\\u1E0F\\u0111\\u018C\\u0256\\u0257\\uA77A]","dz":"[\\u01F3\\u01C6]","e":"[\\u0065\\u24D4\\uFF45\\u00E8\\u00E9\\u00EA\\u1EC1\\u1EBF\\u1EC5\\u1EC3\\u1EBD\\u0113\\u1E15\\u1E17\\u0115\\u0117\\u00EB\\u1EBB\\u011B\\u0205\\u0207\\u1EB9\\u1EC7\\u0229\\u1E1D\\u0119\\u1E19\\u1E1B\\u0247\\u025B\\u01DD]","f":"[\\u0066\\u24D5\\uFF46\\u1E1F\\u0192\\uA77C]","g":"[\\u0067\\u24D6\\uFF47\\u01F5\\u011D\\u1E21\\u011F\\u0121\\u01E7\\u0123\\u01E5\\u0260\\uA7A1\\u1D79\\uA77F]","h":"[\\u0068\\u24D7\\uFF48\\u0125\\u1E23\\u1E27\\u021F\\u1E25\\u1E29\\u1E2B\\u1E96\\u0127\\u2C68\\u2C76\\u0265]","hv":"[\\u0195]","i":"[\\u0069\\u24D8\\uFF49\\u00EC\\u00ED\\u00EE\\u0129\\u012B\\u012D\\u00EF\\u1E2F\\u1EC9\\u01D0\\u0209\\u020B\\u1ECB\\u012F\\u1E2D\\u0268\\u0131]","j":"[\\u006A\\u24D9\\uFF4A\\u0135\\u01F0\\u0249]","k":"[\\u006B\\u24DA\\uFF4B\\u1E31\\u01E9\\u1E33\\u0137\\u1E35\\u0199\\u2C6A\\uA741\\uA743\\uA745\\uA7A3]","l":"[\\u006C\\u24DB\\uFF4C\\u0140\\u013A\\u013E\\u1E37\\u1E39\\u013C\\u1E3D\\u1E3B\\u017F\\u0142\\u019A\\u026B\\u2C61\\uA749\\uA781\\uA747]","lj":"[\\u01C9]","m":"[\\u006D\\u24DC\\uFF4D\\u1E3F\\u1E41\\u1E43\\u0271\\u026F]","n":"[\\u006E\\u24DD\\uFF4E\\u01F9\\u0144\\u00F1\\u1E45\\u0148\\u1E47\\u0146\\u1E4B\\u1E49\\u019E\\u0272\\u0149\\uA791\\uA7A5]","nj":"[\\u01CC]","o":"[\\u006F\\u24DE\\uFF4F\\u00F2\\u00F3\\u00F4\\u1ED3\\u1ED1\\u1ED7\\u1ED5\\u00F5\\u1E4D\\u022D\\u1E4F\\u014D\\u1E51\\u1E53\\u014F\\u022F\\u0231\\u00F6\\u022B\\u1ECF\\u0151\\u01D2\\u020D\\u020F\\u01A1\\u1EDD\\u1EDB\\u1EE1\\u1EDF\\u1EE3\\u1ECD\\u1ED9\\u01EB\\u01ED\\u00F8\\u01FF\\u0254\\uA74B\\uA74D\\u0275]","oi":"[\\u01A3]","ou":"[\\u0223]","oo":"[\\uA74F]","p":"[\\u0070\\u24DF\\uFF50\\u1E55\\u1E57\\u01A5\\u1D7D\\uA751\\uA753\\uA755]","q":"[\\u0071\\u24E0\\uFF51\\u024B\\uA757\\uA759]","r":"[\\u0072\\u24E1\\uFF52\\u0155\\u1E59\\u0159\\u0211\\u0213\\u1E5B\\u1E5D\\u0157\\u1E5F\\u024D\\u027D\\uA75B\\uA7A7\\uA783]","s":"[\\u0073\\u24E2\\uFF53\\u015B\\u1E65\\u015D\\u1E61\\u0161\\u1E67\\u1E63\\u1E69\\u0219\\u015F\\u023F\\uA7A9\\uA785\\u1E9B]","ss":"[\\u00DF]","t":"[\\u0074\\u24E3\\uFF54\\u1E6B\\u1E97\\u0165\\u1E6D\\u021B\\u0163\\u1E71\\u1E6F\\u0167\\u01AD\\u0288\\u2C66\\uA787]","tz":"[\\uA729]","u":"[\\u0075\\u24E4\\uFF55\\u00F9\\u00FA\\u00FB\\u0169\\u1E79\\u016B\\u1E7B\\u016D\\u00FC\\u01DC\\u01D8\\u01D6\\u01DA\\u1EE7\\u016F\\u0171\\u01D4\\u0215\\u0217\\u01B0\\u1EEB\\u1EE9\\u1EEF\\u1EED\\u1EF1\\u1EE5\\u1E73\\u0173\\u1E77\\u1E75\\u0289]","v":"[\\u0076\\u24E5\\uFF56\\u1E7D\\u1E7F\\u028B\\uA75F\\u028C]","vy":"[\\uA761]","w":"[\\u0077\\u24E6\\uFF57\\u1E81\\u1E83\\u0175\\u1E87\\u1E85\\u1E98\\u1E89\\u2C73]","x":"[\\u0078\\u24E7\\uFF58\\u1E8B\\u1E8D]","y":"[\\u0079\\u24E8\\uFF59\\u1EF3\\u00FD\\u0177\\u1EF9\\u0233\\u1E8F\\u00FF\\u1EF7\\u1E99\\u1EF5\\u01B4\\u024F\\u1EFF]","z":"[\\u007A\\u24E9\\uFF5A\\u017A\\u1E91\\u017C\\u017E\\u1E93\\u1E95\\u01B6\\u0225\\u0240\\u2C6C\\uA763]"},"researchesTests":["contentHasTOC","contentHasShortParagraphs","contentHasAssets","keywordInTitle","keywordInMetaDescription","keywordInPermalink","keywordIn10Percent","keywordInContent","keywordInSubheadings","keywordInImageAlt","keywordDensity","keywordNotUsed","lengthContent","lengthPermalink","linksHasInternal","linksHasExternals","linksNotAllExternals","titleStartWithKeyword","titleSentiment","titleHasPowerWords","titleHasNumber","hasContentAI"],"hasRedirection":true,"hasBreadcrumb":true},"homeUrl":"https:\/\/www.biotech.ca\/fr\/","objectID":7471,"objectType":"post","locale":"fr","localeFull":"fr_FR","overlayImages":{"play":{"name":"Ic\u00f4ne de lecture","url":"https:\/\/www.biotech.ca\/wp-content\/plugins\/seo-by-rank-math\/assets\/admin\/img\/icon-play.png","path":"\/home\/biotech\/public_html\/wp-content\/plugins\/seo-by-rank-math\/assets\/admin\/img\/icon-play.png","position":"middle_center"},"gif":{"name":"Ic\u00f4ne GIF","url":"https:\/\/www.biotech.ca\/wp-content\/plugins\/seo-by-rank-math\/assets\/admin\/img\/icon-gif.png","path":"\/home\/biotech\/public_html\/wp-content\/plugins\/seo-by-rank-math\/assets\/admin\/img\/icon-gif.png","position":"middle_center"}},"defautOgImage":"https:\/\/www.biotech.ca\/wp-content\/uploads\/2021\/12\/Logo.jpg","customPermalinks":true,"isUserRegistered":true,"autoSuggestKeywords":true,"connectSiteUrl":"https:\/\/rankmath.com\/auth?site=https%3A%2F%2Fwww.biotech.ca%2Ffr%2F&r=https%3A%2F%2Fwww.biotech.ca%2Ffr%2Fwp-json%2Fwp%2Fv2%2Fpages%2F7471%3Fnonce%3D4a61b7a4d2&pro=1","maxTags":100,"trendsIcon":"<svg viewBox=\"0 0 610 610\"><path d=\"M18.85,446,174.32,290.48l58.08,58.08L76.93,504a14.54,14.54,0,0,1-20.55,0L18.83,466.48a14.54,14.54,0,0,1,0-20.55Z\" style=\"fill:#4285f4\"\/><path d=\"M242.65,242.66,377.59,377.6l-47.75,47.75a14.54,14.54,0,0,1-20.55,0L174.37,290.43l47.75-47.75A14.52,14.52,0,0,1,242.65,242.66Z\" style=\"fill:#ea4335\"\/><polygon points=\"319.53 319.53 479.26 159.8 537.34 217.88 377.61 377.62 319.53 319.53\" style=\"fill:#fabb05\"\/><path d=\"M594.26,262.73V118.61h0a16.94,16.94,0,0,0-16.94-16.94H433.2a16.94,16.94,0,0,0-12,28.92L565.34,274.71h0a16.94,16.94,0,0,0,28.92-12Z\" style=\"fill:#34a853\"\/><rect width=\"610\" height=\"610\" style=\"fill:none\"\/><\/svg>","showScore":true,"siteFavIcon":"https:\/\/www.biotech.ca\/wp-content\/uploads\/2021\/12\/cropped-site-icon-2-32x32.png","canUser":{"general":false,"advanced":false,"snippet":false,"social":false,"analysis":false,"analytics":false,"content_ai":false},"isPro":true,"is_front_page":false,"trendsUpgradeLink":"https:\/\/rankmath.com\/pricing\/?utm_source=Plugin&utm_medium=CE%20General%20Tab%20Trends&utm_campaign=WP","trendsUpgradeLabel":"Mettre \u00e0 niveau","trendsPreviewImage":"https:\/\/www.biotech.ca\/wp-content\/plugins\/seo-by-rank-math\/assets\/admin\/img\/trends-preview.jpg","currentEditor":false,"homepageData":{"assessor":{"powerWords":["absolument","amazement","astonishing","authentique","beau","bien-\u00eatre","brillant","captivant","charismatique","choc","clair","compl\u00e8tement","confidentiel","confiance","cons\u00e9quent","cr\u00e9atif","d\u00e9finitivement","d\u00e9licieux","d\u00e9montrer","d\u00e9p\u00eachez-vous","d\u00e9termin\u00e9","digne","dynamique","\u00e9blouissant","\u00e9clatant","\u00e9conomique","\u00e9fficace","\u00e9l\u00e9gant","\u00e9motionnel","\u00e9nergique","\u00e9norme","\u00e9poustouflant","essentiel","\u00e9tonnant","exclusif","exp\u00e9rience","fabuleux","fantastique","formidable","fort","garanti","g\u00e9ant","g\u00e9n\u00e9reux","grandiose","gratuit","habile","harmonieux","historique","hors pair","important","incroyable","indispensable","inoubliable","inspirant","innovant","intense","invention","irr\u00e9sistible","l\u00e9gendaire","lumineux","luxe","magique","magnifique","majestueux","marquant","merveilleux","miraculeux","motivant","n\u00e9cessaire","nouvelle","officiel","parfait","passionn\u00e9","persuasif","ph\u00e9nom\u00e9nal","plaisir","populaire","pouvoir","prestigieux","prodigieux","profond","prosp\u00e8re","puissant","qualit\u00e9","radieux","rapide","r\u00e9ussi","r\u00e9volutionnaire","satisfait","s\u00e9curit\u00e9","sensationnel","serein","somptueux","splendide","sublime","surprenant","talentueux","terrifiant","unique","valeur","vibrant","victorieux","vif","vraiment","z\u00e9l\u00e9"],"diacritics":true,"researchesTests":["contentHasTOC","contentHasShortParagraphs","contentHasAssets","keywordInTitle","keywordInMetaDescription","keywordInPermalink","keywordIn10Percent","keywordInContent","keywordInSubheadings","keywordInImageAlt","keywordDensity","keywordNotUsed","lengthContent","lengthPermalink","linksHasInternal","linksHasExternals","linksNotAllExternals","titleStartWithKeyword","titleSentiment","titleHasPowerWords","titleHasNumber","hasContentAI"],"hasBreadcrumb":true,"serpData":{"title":"%sitename% %page% %sep% %sitedesc%","description":"","titleTemplate":"%sitename% %page% %sep% %sitedesc%","descriptionTemplate":"","focusKeywords":"","breadcrumbTitle":"Home","robots":{"index":true},"advancedRobots":{"max-snippet":"-1","max-video-preview":"-1","max-image-preview":"large"},"facebookTitle":"","facebookDescription":"","facebookImage":"","facebookImageID":""}}},"isAnalyticsConnected":true,"tocTitle":"Table of Contents","tocExcludeHeadings":[],"listStyle":"ul"},"_links":{"self":[{"href":"https:\/\/www.biotech.ca\/fr\/wp-json\/wp\/v2\/pages\/7471","targetHints":{"allow":["GET"]}}],"collection":[{"href":"https:\/\/www.biotech.ca\/fr\/wp-json\/wp\/v2\/pages"}],"about":[{"href":"https:\/\/www.biotech.ca\/fr\/wp-json\/wp\/v2\/types\/page"}],"author":[{"embeddable":true,"href":"https:\/\/www.biotech.ca\/fr\/wp-json\/wp\/v2\/users\/1"}],"replies":[{"embeddable":true,"href":"https:\/\/www.biotech.ca\/fr\/wp-json\/wp\/v2\/comments?post=7471"}],"version-history":[{"count":0,"href":"https:\/\/www.biotech.ca\/fr\/wp-json\/wp\/v2\/pages\/7471\/revisions"}],"up":[{"embeddable":true,"href":"https:\/\/www.biotech.ca\/fr\/wp-json\/wp\/v2\/pages\/7466"}],"wp:attachment":[{"href":"https:\/\/www.biotech.ca\/fr\/wp-json\/wp\/v2\/media?parent=7471"}],"curies":[{"name":"wp","href":"https:\/\/api.w.org\/{rel}","templated":true}]}}